{"id":45,"date":"2015-02-08T14:09:16","date_gmt":"2015-02-08T14:09:16","guid":{"rendered":"http:\/\/www.academiataekwondo.com.ar\/?page_id=45"},"modified":"2024-07-22T17:45:38","modified_gmt":"2024-07-22T20:45:38","slug":"facebook","status":"publish","type":"page","link":"https:\/\/www.academiataekwondo.com.ar\/wp\/","title":{"rendered":"Club A. San Telmo"},"content":{"rendered":"<p>&nbsp;<\/p>\n<p><img loading=\"lazy\" decoding=\"async\" class=\" wp-image-565 aligncenter\" src=\"https:\/\/www.academiataekwondo.com.ar\/wp\/wp-content\/uploads\/2024\/06\/Taekwondo-CAST-2024-1-212x300.jpg\" alt=\"\" width=\"404\" height=\"572\" srcset=\"https:\/\/www.academiataekwondo.com.ar\/wp\/wp-content\/uploads\/2024\/06\/Taekwondo-CAST-2024-1-212x300.jpg 212w, https:\/\/www.academiataekwondo.com.ar\/wp\/wp-content\/uploads\/2024\/06\/Taekwondo-CAST-2024-1-724x1024.jpg 724w, https:\/\/www.academiataekwondo.com.ar\/wp\/wp-content\/uploads\/2024\/06\/Taekwondo-CAST-2024-1-768x1086.jpg 768w, https:\/\/www.academiataekwondo.com.ar\/wp\/wp-content\/uploads\/2024\/06\/Taekwondo-CAST-2024-1-1086x1536.jpg 1086w, https:\/\/www.academiataekwondo.com.ar\/wp\/wp-content\/uploads\/2024\/06\/Taekwondo-CAST-2024-1-90x128.jpg 90w, https:\/\/www.academiataekwondo.com.ar\/wp\/wp-content\/uploads\/2024\/06\/Taekwondo-CAST-2024-1-23x32.jpg 23w, https:\/\/www.academiataekwondo.com.ar\/wp\/wp-content\/uploads\/2024\/06\/Taekwondo-CAST-2024-1-1x1.jpg 1w, https:\/\/www.academiataekwondo.com.ar\/wp\/wp-content\/uploads\/2024\/06\/Taekwondo-CAST-2024-1.jpg 1414w\" sizes=\"auto, (max-width: 404px) 100vw, 404px\" \/><\/p>\n<p style=\"text-align: center;\"><strong>Departamento Socios del CAST\u00a0<\/strong><a href=\"https:\/\/www.facebook.com\/socios.cast\">https:\/\/www.facebook.com\/socios.cast<\/a><\/p>\n<p style=\"text-align: center;\">https:\/\/www.facebook.com\/TaeKwonDoTradicional<\/p>\n<p><strong>Clases en el Club Atl\u00e9tico San Telmo &#8211; Per\u00fa \u00a01360 &#8211; CABA<\/strong><\/p>\n<p>Se\u00a0cursan clases de una hora, dos veces por semana, sumando una m\u00e1s para quienes compitan de dos horas.\u00a0Complementariamente, se dictar\u00e1n cursos en did\u00e1ctica aplicada, primeros auxilios, educaci\u00f3n f\u00edsica y otros complementarios a la ense\u00f1anza de la disciplina.<\/p>\n<p>Infantiles (hasta 13 a\u00f1os) &#8211; Lunes y Mi\u00e9rcoles 18 a 19 hs.<\/p>\n<p>Juveniles y Adultos (14 a\u00f1os en adelante) &#8211; Lunes y Mi\u00e9rcoles 19 a 20 hs.<\/p>\n<p>Equipo de Competencia (todas las edades). Jueves de 18 a 29 hs.<\/p>\n<p>Informes: <a href=\"mailto:info@academiataekwondo.com.ar\">info@academiataekwondo.com.ar<\/a>\u00a0 \u00a0 \u00a0 Cel: 15.54767971<\/p>\n<p>Whatsapp: <a href=\"https:\/\/chat.whatsapp.com\/DtMAiNdwispAq5UYT3cRbS\">https:\/\/chat.whatsapp.com\/DtMAiNdwispAq5UYT3cRbS<\/a><\/p>\n<p>Solicita <a href=\"https:\/\/www.facebook.com\/TaeKwonDoTradicional\/posts\/1599543020075789?notif_t=like&amp;notif_id=1490106141129940\" target=\"_blank\" rel=\"noopener\">Dos Clases Gratis!\u00a0<\/a><\/p>\n<p><strong>\u00a0<a href=\"https:\/\/www.academiataekwondo.com.ar\/wp\/wp-content\/uploads\/2015\/02\/FICHASEGUIMIENTO.docx\">FICHA SEGUIMIENTO<\/a><\/strong><\/p>\n<p><a href=\"https:\/\/www.academiataekwondo.com.ar\/wp\/wp-content\/uploads\/2015\/02\/FICHAINFANTIL.docx\">FICHAINFANTIL<\/a>\u00a0 \u00a0 \u00a0 \u00a0 \u00a0 \u00a0 \u00a0 \u00a0 \u00a0 \u00a0 \u00a0 \u00a0 \u00a0<a href=\"https:\/\/www.academiataekwondo.com.ar\/wp\/wp-content\/uploads\/2015\/02\/FICHAADULTO.docx\">FICHAADULTO<\/a><\/p>\n<p><iframe loading=\"lazy\" src=\"https:\/\/www.facebook.com\/plugins\/page.php?href=https%3A%2F%2Fwww.facebook.com%2FTaeKwonDoTradicional%2F&amp;tabs=timeline&amp;width=1000&amp;height=1900&amp;small_header=true&amp;adapt_container_width=true&amp;hide_cover=true&amp;show_facepile=true&amp;appId=296664569010\" width=\"1500\" height=\"2000\" frameborder=\"0\" scrolling=\"no\"><\/iframe><\/p>\n<p>&nbsp;<\/p>\n<p style=\"text-align: center; padding-left: 150px;\">\n<p style=\"text-align: center;\"><a href=\"https:\/\/www.academiataekwondo.com.ar\/wp\/wp-content\/uploads\/2015\/02\/TKD-ST-FB.png\"><img loading=\"lazy\" decoding=\"async\" class=\" wp-image-46 aligncenter\" src=\"https:\/\/www.academiataekwondo.com.ar\/wp\/wp-content\/uploads\/2015\/02\/TKD-ST-FB-300x148.png\" alt=\"TKD ST FB\" width=\"458\" height=\"226\" srcset=\"https:\/\/www.academiataekwondo.com.ar\/wp\/wp-content\/uploads\/2015\/02\/TKD-ST-FB-300x148.png 300w, https:\/\/www.academiataekwondo.com.ar\/wp\/wp-content\/uploads\/2015\/02\/TKD-ST-FB-2x1.png 2w, https:\/\/www.academiataekwondo.com.ar\/wp\/wp-content\/uploads\/2015\/02\/TKD-ST-FB.png 665w\" sizes=\"auto, (max-width: 458px) 100vw, 458px\" \/><\/a><\/p>\n","protected":false},"excerpt":{"rendered":"<p>&nbsp; Departamento Socios del CAST\u00a0https:\/\/www.facebook.com\/socios.cast https:\/\/www.facebook.com\/TaeKwonDoTradicional Clases en el Club Atl\u00e9tico San Telmo &#8211; Per\u00fa \u00a01360 &#8211; CABA Se\u00a0cursan clases de una hora, dos veces por semana, sumando una m\u00e1s para quienes compitan de dos horas.\u00a0Complementariamente, se dictar\u00e1n cursos en did\u00e1ctica aplicada, primeros auxilios, educaci\u00f3n f\u00edsica y otros complementarios a la ense\u00f1anza de la disciplina. [&hellip;]<\/p>\n","protected":false},"author":1,"featured_media":0,"parent":0,"menu_order":6,"comment_status":"open","ping_status":"open","template":"","meta":{"footnotes":""},"class_list":["post-45","page","type-page","status-publish","hentry"],"_links":{"self":[{"href":"https:\/\/www.academiataekwondo.com.ar\/wp\/index.php?rest_route=\/wp\/v2\/pages\/45","targetHints":{"allow":["GET"]}}],"collection":[{"href":"https:\/\/www.academiataekwondo.com.ar\/wp\/index.php?rest_route=\/wp\/v2\/pages"}],"about":[{"href":"https:\/\/www.academiataekwondo.com.ar\/wp\/index.php?rest_route=\/wp\/v2\/types\/page"}],"author":[{"embeddable":true,"href":"https:\/\/www.academiataekwondo.com.ar\/wp\/index.php?rest_route=\/wp\/v2\/users\/1"}],"replies":[{"embeddable":true,"href":"https:\/\/www.academiataekwondo.com.ar\/wp\/index.php?rest_route=%2Fwp%2Fv2%2Fcomments&post=45"}],"version-history":[{"count":20,"href":"https:\/\/www.academiataekwondo.com.ar\/wp\/index.php?rest_route=\/wp\/v2\/pages\/45\/revisions"}],"predecessor-version":[{"id":573,"href":"https:\/\/www.academiataekwondo.com.ar\/wp\/index.php?rest_route=\/wp\/v2\/pages\/45\/revisions\/573"}],"wp:attachment":[{"href":"https:\/\/www.academiataekwondo.com.ar\/wp\/index.php?rest_route=%2Fwp%2Fv2%2Fmedia&parent=45"}],"curies":[{"name":"wp","href":"https:\/\/api.w.org\/{rel}","templated":true}]}}