{"id":40,"date":"2015-02-08T06:11:00","date_gmt":"2015-02-08T06:11:00","guid":{"rendered":"http:\/\/www.academiataekwondo.com.ar\/?page_id=40"},"modified":"2024-06-29T22:04:56","modified_gmt":"2024-06-30T01:04:56","slug":"instructores","status":"publish","type":"page","link":"https:\/\/www.academiataekwondo.com.ar\/wp\/?page_id=40","title":{"rendered":"Instructores"},"content":{"rendered":"<p>&nbsp;<\/p>\n<p><img loading=\"lazy\" decoding=\"async\" class=\"alignnone size-medium wp-image-305 aligncenter\" src=\"https:\/\/www.academiataekwondo.com.ar\/wp\/wp-content\/uploads\/2015\/02\/Docentes-CAST-300x225.jpg\" alt=\"\" width=\"300\" height=\"225\" srcset=\"https:\/\/www.academiataekwondo.com.ar\/wp\/wp-content\/uploads\/2015\/02\/Docentes-CAST-300x225.jpg 300w, https:\/\/www.academiataekwondo.com.ar\/wp\/wp-content\/uploads\/2015\/02\/Docentes-CAST-768x576.jpg 768w, https:\/\/www.academiataekwondo.com.ar\/wp\/wp-content\/uploads\/2015\/02\/Docentes-CAST-1x1.jpg 1w, https:\/\/www.academiataekwondo.com.ar\/wp\/wp-content\/uploads\/2015\/02\/Docentes-CAST.jpg 960w\" sizes=\"auto, (max-width: 300px) 100vw, 300px\" \/><\/p>\n<p style=\"text-align: center;\">Director y Profesor de Danes:\u00a0Lic. Ricardo Romero, V Dan AATI<\/p>\n<p style=\"text-align: center;\">Club Atl\u00e9tico San Telmo<\/p>\n<p style=\"text-align: center;\">Instructores: Alejandra Casas II Dan AATII; Rodrigo Palacios I Dan AATI; Nicolas Barrirero I Dan AATI<\/p>\n<p><img decoding=\"async\" class=\"aligncenter\" src=\"https:\/\/scontent.faep24-1.fna.fbcdn.net\/v\/t39.30808-6\/316135383_668291478206839_2269721881244938687_n.jpg?_nc_cat=106&amp;ccb=1-7&amp;_nc_sid=cc71e4&amp;_nc_ohc=_5dyF_Bc2L8Q7kNvgG10FNO&amp;_nc_ht=scontent.faep24-1.fna&amp;oh=00_AYDLqAh0NDOF7Rv-yafKIEIq0fFL_xjAvgQ4QmX-6S1dOw&amp;oe=66866AD3\" alt=\"No hay ninguna descripci\u00f3n de la foto disponible.\" \/><\/p>\n<p><strong>Danes asociados:<\/strong><\/p>\n<p style=\"text-align: center;\">I\u00ba Danes: Juan Manuel S\u00e1nchez; y Fernando Colombo.<\/p>\n<p style=\"text-align: center;\"><img loading=\"lazy\" decoding=\"async\" class=\"alignnone size-medium wp-image-253\" src=\"https:\/\/www.academiataekwondo.com.ar\/wp\/wp-content\/uploads\/2015\/02\/con-Han-1-300x225.jpg\" alt=\"\" width=\"300\" height=\"225\" srcset=\"https:\/\/www.academiataekwondo.com.ar\/wp\/wp-content\/uploads\/2015\/02\/con-Han-1-300x225.jpg 300w, https:\/\/www.academiataekwondo.com.ar\/wp\/wp-content\/uploads\/2015\/02\/con-Han-1-768x576.jpg 768w, https:\/\/www.academiataekwondo.com.ar\/wp\/wp-content\/uploads\/2015\/02\/con-Han-1-1x1.jpg 1w, https:\/\/www.academiataekwondo.com.ar\/wp\/wp-content\/uploads\/2015\/02\/con-Han-1.jpg 960w\" sizes=\"auto, (max-width: 300px) 100vw, 300px\" \/><\/p>\n<p style=\"text-align: center;\"><img loading=\"lazy\" decoding=\"async\" class=\" size-medium wp-image-20 aligncenter\" src=\"https:\/\/www.academiataekwondo.com.ar\/wp\/wp-content\/uploads\/2015\/02\/1187074_10201990973360021_1812389696_n-300x169.jpg\" alt=\"1187074_10201990973360021_1812389696_n\" width=\"300\" height=\"169\" srcset=\"https:\/\/www.academiataekwondo.com.ar\/wp\/wp-content\/uploads\/2015\/02\/1187074_10201990973360021_1812389696_n-300x169.jpg 300w, https:\/\/www.academiataekwondo.com.ar\/wp\/wp-content\/uploads\/2015\/02\/1187074_10201990973360021_1812389696_n-2x1.jpg 2w, https:\/\/www.academiataekwondo.com.ar\/wp\/wp-content\/uploads\/2015\/02\/1187074_10201990973360021_1812389696_n.jpg 720w\" sizes=\"auto, (max-width: 300px) 100vw, 300px\" \/>Junto a los instructores Lucas Beccaccini II Dan y Felix P\u00e9rez S\u00e1nches II Dan<\/p>\n<p><iframe loading=\"lazy\" src=\"https:\/\/www.youtube.com\/embed\/WPJ_wa9trVc\" width=\"420\" height=\"315\" frameborder=\"0\" allowfullscreen=\"allowfullscreen\"><\/iframe><\/p>\n","protected":false},"excerpt":{"rendered":"<p>&nbsp; Director y Profesor de Danes:\u00a0Lic. Ricardo Romero, V Dan AATI Club Atl\u00e9tico San Telmo Instructores: Alejandra Casas II Dan AATII; Rodrigo Palacios I Dan AATI; Nicolas Barrirero I Dan AATI Danes asociados: I\u00ba Danes: Juan Manuel S\u00e1nchez; y Fernando Colombo. Junto a los instructores Lucas Beccaccini II Dan y Felix P\u00e9rez S\u00e1nches II Dan<\/p>\n","protected":false},"author":1,"featured_media":0,"parent":0,"menu_order":1,"comment_status":"open","ping_status":"open","template":"","meta":{"footnotes":""},"class_list":["post-40","page","type-page","status-publish","hentry"],"_links":{"self":[{"href":"https:\/\/www.academiataekwondo.com.ar\/wp\/index.php?rest_route=\/wp\/v2\/pages\/40","targetHints":{"allow":["GET"]}}],"collection":[{"href":"https:\/\/www.academiataekwondo.com.ar\/wp\/index.php?rest_route=\/wp\/v2\/pages"}],"about":[{"href":"https:\/\/www.academiataekwondo.com.ar\/wp\/index.php?rest_route=\/wp\/v2\/types\/page"}],"author":[{"embeddable":true,"href":"https:\/\/www.academiataekwondo.com.ar\/wp\/index.php?rest_route=\/wp\/v2\/users\/1"}],"replies":[{"embeddable":true,"href":"https:\/\/www.academiataekwondo.com.ar\/wp\/index.php?rest_route=%2Fwp%2Fv2%2Fcomments&post=40"}],"version-history":[{"count":13,"href":"https:\/\/www.academiataekwondo.com.ar\/wp\/index.php?rest_route=\/wp\/v2\/pages\/40\/revisions"}],"predecessor-version":[{"id":564,"href":"https:\/\/www.academiataekwondo.com.ar\/wp\/index.php?rest_route=\/wp\/v2\/pages\/40\/revisions\/564"}],"wp:attachment":[{"href":"https:\/\/www.academiataekwondo.com.ar\/wp\/index.php?rest_route=%2Fwp%2Fv2%2Fmedia&parent=40"}],"curies":[{"name":"wp","href":"https:\/\/api.w.org\/{rel}","templated":true}]}}