{"id":15,"date":"2015-02-08T03:40:13","date_gmt":"2015-02-08T03:40:13","guid":{"rendered":"http:\/\/www.academiataekwondo.com.ar\/wp\/?page_id=15"},"modified":"2018-02-07T12:42:58","modified_gmt":"2018-02-07T15:42:58","slug":"taekwondo","status":"publish","type":"page","link":"https:\/\/www.academiataekwondo.com.ar\/wp\/?page_id=15","title":{"rendered":"Taekwondo"},"content":{"rendered":"<div>\n<p style=\"text-align: center;\"><img loading=\"lazy\" decoding=\"async\" class=\"alignnone size-medium wp-image-255\" src=\"https:\/\/www.academiataekwondo.com.ar\/wp\/wp-content\/uploads\/2015\/02\/Con-Han-300x200.jpg\" alt=\"\" width=\"300\" height=\"200\" srcset=\"https:\/\/www.academiataekwondo.com.ar\/wp\/wp-content\/uploads\/2015\/02\/Con-Han-300x200.jpg 300w, https:\/\/www.academiataekwondo.com.ar\/wp\/wp-content\/uploads\/2015\/02\/Con-Han-768x512.jpg 768w, https:\/\/www.academiataekwondo.com.ar\/wp\/wp-content\/uploads\/2015\/02\/Con-Han-2x1.jpg 2w, https:\/\/www.academiataekwondo.com.ar\/wp\/wp-content\/uploads\/2015\/02\/Con-Han.jpg 960w\" sizes=\"auto, (max-width: 300px) 100vw, 300px\" \/><\/p>\n<p style=\"text-align: center;\">Sabon Nin Ricardo Romero junto al Maestro Han Chan Kim &#8211; 9 Dan TKD<\/p>\n<\/div>\n<div>El <strong>TAEKWON-DO<\/strong> (TAE=pie, KWON=pu\u00f1o, Do=camino, \u00abCamino de los pies y las manos), es el arte marcial m\u00e1s popular del mundo, sus t\u00e9cnicas milenarias fueron estudiadas y basadas en las leyes cient\u00edficas de la cin\u00e9tica del movimiento, generando as\u00ed un arte en constante evoluci\u00f3n.<\/div>\n<div><img loading=\"lazy\" decoding=\"async\" class=\"alignnone size-full wp-image-11 alignright\" src=\"https:\/\/www.academiataekwondo.com.ar\/wp\/wp-content\/uploads\/2015\/02\/sabonromero1_140x180.jpg\" alt=\"Sabon Nin Ricardo Romero\" width=\"140\" height=\"180\" srcset=\"https:\/\/www.academiataekwondo.com.ar\/wp\/wp-content\/uploads\/2015\/02\/sabonromero1_140x180.jpg 140w, https:\/\/www.academiataekwondo.com.ar\/wp\/wp-content\/uploads\/2015\/02\/sabonromero1_140x180-1x1.jpg 1w\" sizes=\"auto, (max-width: 140px) 100vw, 140px\" \/><\/div>\n<div><\/div>\n<div>La\u00a0<strong>Academia de Taekwondo\u00a0<\/strong>en el Club Atl\u00e9tico San Telmo la coordina el Grupo TAE (T\u00e9cnica &#8211; Armon\u00eda &#8211; Energ\u00eda), instructores que graduados y que forman parte de la\u00a0Escuela de TKD Phoenix Argentina, entidad que busca mediante la practica de Artes Marciales un equilibrio en las personas.<\/div>\n<div><\/div>\n<div>La idea nuestra es muy simple, y esta se basa \u00fanicamente en practicar, aprender y competir con uno mismo super\u00e1ndose cada d\u00eda mas.<\/div>\n<div><\/div>\n<div>\u00a0La Escuela de TAEKWON-DO Phoenix Argentina es una Asociaci\u00f3n Independiente que sigue los principios tradicionales del Taekwondo ITF, dando prioridad a la verdadera pr\u00e1ctica del arte marcial y dejando de lado los problemas pol\u00edticos que contribuyen a la divisi\u00f3n y segmentaci\u00f3n del mismo.<\/div>\n<div><\/div>\n<div>Por consiguiente se ha formado con otros grupos de escuelas y asociaciones una comisi\u00f3n de instructores mayores que creemos en reconstituir la esencia original de nuestro querido arte marcial, y por ello se ha fundado AATI (ASOCIACI\u00d3N ARGENTINA DE TAEKWONDO INDEPENDIENTE) en la cual la politiquer\u00eda que hace tan mal al arte en si queda de lado y se le da especial importancia al nivel de sus alumnos, no graduando indiscriminadamente a los mismos y valorando la pr\u00e1ctica ante todo.<\/div>\n<div><\/div>\n<p><iframe loading=\"lazy\" src=\"https:\/\/www.youtube.com\/embed\/kMVfcH2HfT8\" width=\"560\" height=\"315\" frameborder=\"0\" allowfullscreen=\"allowfullscreen\"><\/iframe><\/p>\n<div><\/div>\n<div>Tenemos el asesoramiento T\u00e9cnico del Gran Maestro Han Chan Kim e\u00a0Internacionalmente nos encontramos vinculados a TI (Taekwondo Internacional), del cual el fallecido Gran Maestro Pedro Florindo 9\u00ba Dan era era representante para nuestro continente y a su vez asesor t\u00e9cnico de nuestra Asociaci\u00f3n, de quien hemos recibidos nuestras graduaciones en la Escuela Argentina de Taekwondo.<\/div>\n<div><\/div>\n<div>Con la ayuda de M\u00e9dicos y Psic\u00f3logos se han desarrollado m\u00e9todos probados de ense\u00f1anza para aprender este arte en forma r\u00e1pida, f\u00e1cil y comprensible para todas las edades y ambos sexos.<\/div>\n<div><\/div>\n<div>Tambi\u00e9n contamos con clases especiales dedicadas a la defensa personal y a la competencia.<\/div>\n<div><\/div>\n<div>\u00a0<img loading=\"lazy\" decoding=\"async\" class=\"wp-image-110 aligncenter\" src=\"https:\/\/www.academiataekwondo.com.ar\/wp\/wp-content\/uploads\/2015\/04\/Taekwondo-7-300x169.jpg\" alt=\"Taekwondo 7\" width=\"443\" height=\"250\" srcset=\"https:\/\/www.academiataekwondo.com.ar\/wp\/wp-content\/uploads\/2015\/04\/Taekwondo-7-300x169.jpg 300w, https:\/\/www.academiataekwondo.com.ar\/wp\/wp-content\/uploads\/2015\/04\/Taekwondo-7-2x1.jpg 2w, https:\/\/www.academiataekwondo.com.ar\/wp\/wp-content\/uploads\/2015\/04\/Taekwondo-7.jpg 702w\" sizes=\"auto, (max-width: 443px) 100vw, 443px\" \/><\/div>\n<div>\n<div class=\"entry-content\">\n<p style=\"text-align: center;\"><strong>Conceptos del Taekwondo<\/strong><\/p>\n<\/div>\n<\/div>\n<div>\n<p><strong>Taekwondo Tradicional<\/strong><\/p>\n<p>Tae=pie, Kwon=pu\u00f1o, Do=camino,\u00a0\u201ccamino de los pies y las manos\u201d.<\/p>\n<p>Es el arte m\u00e1s popular del mundo, sus t\u00e9cnicas milenarias fueron estudiadas y basadas en las leyes cient\u00edficas de la cin\u00e9tica del movimiento, generando as\u00ed un arte en constante evoluci\u00f3n. Con la ayuda de m\u00e9dicos y psic\u00f3logos se han desarrollado m\u00e9todos probados de ense\u00f1anza para aprender este arte en forma r\u00e1pida, f\u00e1cil y comprensible para ambos sexos y todas las edades.<\/p>\n<p><strong>Defensa Personal<\/strong><\/p>\n<p>El objetivo de Defensa Personal es la autodefensa: por ello en la misma clase se entrenan patadas (propias del Taekwondo), lances (parecidas al Yudo), palancas y proyecciones (como las del Aikido y Hapkido), lucha en el suelo (similar al Jiujiysu) y todas con el mismo grado de dominio y eficacia. Todo esto para salvar cualquier situaci\u00f3n contra uno o m\u00e1s adversarios, y el combate con y contra armas.<br \/>\nTaekwondo Deportivo<\/p>\n<p><strong>Tae-Box<\/strong><\/p>\n<p>El Taekwondo evolucion\u00f3 en sus t\u00e9cnicas de entrenamiento, constituy\u00e9ndose en un excelente medio de preparaci\u00f3n f\u00edsica. A diferencia de los deportes occidentales, su particularidad de desarrollo aer\u00f3bico y anaer\u00f3bico, permite una combinatoria constante del trabajo del cuerpo y el progreso mental. Recomendados por m\u00e9dicos y psic\u00f3logos como actividad f\u00edsica y terap\u00e9utica.<\/p>\n<p><strong>Competencia<\/strong><\/p>\n<p>Actualmente, el Taekwondo debe mucho su popularidad a su competencia. La pr\u00e1ctica sistematizada e intensiva permite la participaci\u00f3n en nuestro grupo competitivo, el cual se prepara constantemente para participar en torneos, en nuestro pa\u00eds y en el exterior.<\/p>\n<p><iframe loading=\"lazy\" src=\"https:\/\/www.youtube.com\/embed\/CWswVBGkrAs\" width=\"335\" height=\"251\" frameborder=\"0\" allowfullscreen=\"allowfullscreen\"><\/iframe><\/p>\n<p><strong>Aportes al desempe\u00f1o profesional<\/strong><\/p>\n<p>La pr\u00e1ctica constante mejora: los reflejos y la coordinaci\u00f3n, tu nivel de energ\u00eda, el tono muscular, mayor control y balance, la salud y longevidad, la autoestima y la autoconfianza, la concentraci\u00f3n en el trabajo y estudio. Evita el estr\u00e9s, produce mayor nivel de relajaci\u00f3n.<\/p>\n<p><strong>Formaci\u00f3n Filos\u00f3fica y Te\u00f3rica<\/strong><\/p>\n<p>El Taekwondo contiene una profunda reflexi\u00f3n filos\u00f3fica sobre la naturaleza del hombre y su vida social. Adem\u00e1s permite meditar sobre el accionar del mismo en su vida cotidiana. Estos conocimientos son desarrollados a trav\u00e9s de cursos y seminarios complementarios dictados con seriedad acad\u00e9mica y profundidad pr\u00e1ctica.<\/p>\n<p>&nbsp;<\/p>\n<p><strong>Instructorado<\/strong><\/p>\n<p>A trav\u00e9s de un programa de graduaciones el alumno progresivamente alcanzar\u00e1 la habilitaci\u00f3n como Instructor de Taekwondo.<\/p>\n<p><a href=\"http:\/\/es.scribd.com\/doc\/31786208\/Taekwondo-Conceptos-Basicos\">http:\/\/es.scribd.com\/doc\/31786208\/Taekwondo-Conceptos-Basicos<\/a><\/p>\n<p><a href=\"https:\/\/es.scribd.com\/doc\/73290049\/TAEKWONDO-Tesina-Romero\">https:\/\/es.scribd.com\/doc\/73290049\/TAEKWONDO-Tesina-Romero<\/a><\/p>\n<p><img loading=\"lazy\" decoding=\"async\" class=\"alignnone size-medium wp-image-174\" src=\"https:\/\/www.academiataekwondo.com.ar\/wp\/wp-content\/uploads\/2015\/02\/11393242_1066962140000549_2515830061845370075_n-300x169.jpg\" alt=\"11393242_1066962140000549_2515830061845370075_n\" width=\"300\" height=\"169\" srcset=\"https:\/\/www.academiataekwondo.com.ar\/wp\/wp-content\/uploads\/2015\/02\/11393242_1066962140000549_2515830061845370075_n-300x169.jpg 300w, https:\/\/www.academiataekwondo.com.ar\/wp\/wp-content\/uploads\/2015\/02\/11393242_1066962140000549_2515830061845370075_n-2x1.jpg 2w, https:\/\/www.academiataekwondo.com.ar\/wp\/wp-content\/uploads\/2015\/02\/11393242_1066962140000549_2515830061845370075_n.jpg 960w\" sizes=\"auto, (max-width: 300px) 100vw, 300px\" \/><img loading=\"lazy\" decoding=\"async\" class=\"alignnone size-medium wp-image-175\" src=\"https:\/\/www.academiataekwondo.com.ar\/wp\/wp-content\/uploads\/2015\/02\/11393191_1066962023333894_8739677610792735074_n-300x169.jpg\" alt=\"11393191_1066962023333894_8739677610792735074_n\" width=\"300\" height=\"169\" srcset=\"https:\/\/www.academiataekwondo.com.ar\/wp\/wp-content\/uploads\/2015\/02\/11393191_1066962023333894_8739677610792735074_n-300x169.jpg 300w, https:\/\/www.academiataekwondo.com.ar\/wp\/wp-content\/uploads\/2015\/02\/11393191_1066962023333894_8739677610792735074_n-2x1.jpg 2w, https:\/\/www.academiataekwondo.com.ar\/wp\/wp-content\/uploads\/2015\/02\/11393191_1066962023333894_8739677610792735074_n.jpg 960w\" sizes=\"auto, (max-width: 300px) 100vw, 300px\" \/><img loading=\"lazy\" decoding=\"async\" class=\"alignnone size-medium wp-image-176\" src=\"https:\/\/www.academiataekwondo.com.ar\/wp\/wp-content\/uploads\/2015\/02\/11401410_1066961770000586_5192174203971919899_n-300x169.jpg\" alt=\"11401410_1066961770000586_5192174203971919899_n\" width=\"300\" height=\"169\" srcset=\"https:\/\/www.academiataekwondo.com.ar\/wp\/wp-content\/uploads\/2015\/02\/11401410_1066961770000586_5192174203971919899_n-300x169.jpg 300w, https:\/\/www.academiataekwondo.com.ar\/wp\/wp-content\/uploads\/2015\/02\/11401410_1066961770000586_5192174203971919899_n-2x1.jpg 2w, https:\/\/www.academiataekwondo.com.ar\/wp\/wp-content\/uploads\/2015\/02\/11401410_1066961770000586_5192174203971919899_n.jpg 960w\" sizes=\"auto, (max-width: 300px) 100vw, 300px\" \/><img loading=\"lazy\" decoding=\"async\" class=\"alignnone size-medium wp-image-177\" src=\"https:\/\/www.academiataekwondo.com.ar\/wp\/wp-content\/uploads\/2015\/02\/11390209_1066961833333913_4432127861787174906_n-300x169.jpg\" alt=\"11390209_1066961833333913_4432127861787174906_n\" width=\"300\" height=\"169\" srcset=\"https:\/\/www.academiataekwondo.com.ar\/wp\/wp-content\/uploads\/2015\/02\/11390209_1066961833333913_4432127861787174906_n-300x169.jpg 300w, https:\/\/www.academiataekwondo.com.ar\/wp\/wp-content\/uploads\/2015\/02\/11390209_1066961833333913_4432127861787174906_n-2x1.jpg 2w, https:\/\/www.academiataekwondo.com.ar\/wp\/wp-content\/uploads\/2015\/02\/11390209_1066961833333913_4432127861787174906_n.jpg 960w\" sizes=\"auto, (max-width: 300px) 100vw, 300px\" \/><img loading=\"lazy\" decoding=\"async\" class=\"alignnone size-medium wp-image-178\" src=\"https:\/\/www.academiataekwondo.com.ar\/wp\/wp-content\/uploads\/2015\/02\/11407183_1066961650000598_2084188394220639070_n1-300x169.jpg\" alt=\"11407183_1066961650000598_2084188394220639070_n\" width=\"300\" height=\"169\" srcset=\"https:\/\/www.academiataekwondo.com.ar\/wp\/wp-content\/uploads\/2015\/02\/11407183_1066961650000598_2084188394220639070_n1-300x169.jpg 300w, https:\/\/www.academiataekwondo.com.ar\/wp\/wp-content\/uploads\/2015\/02\/11407183_1066961650000598_2084188394220639070_n1-2x1.jpg 2w, https:\/\/www.academiataekwondo.com.ar\/wp\/wp-content\/uploads\/2015\/02\/11407183_1066961650000598_2084188394220639070_n1.jpg 960w\" sizes=\"auto, (max-width: 300px) 100vw, 300px\" \/><\/p>\n<p><iframe loading=\"lazy\" title=\"Taekwondo. Conceptos B\u00e1sicos\" class=\"scribd_iframe_embed\" src=\"https:\/\/www.scribd.com\/embeds\/31786208\/content\" scrolling=\"no\" id=\"31786208\" width=\"654\" height=\"981\" frameborder=\"0\"><\/iframe><script type=\"text\/javascript\">          (function() { var scribd = document.createElement(\"script\"); scribd.type = \"text\/javascript\"; scribd.async = true; scribd.src = \"https:\/\/www.scribd.com\/javascripts\/embed_code\/inject.js\"; var s = document.getElementsByTagName(\"script\")[0]; s.parentNode.insertBefore(scribd, s); })()        <\/script><\/p>\n<\/div>\n","protected":false},"excerpt":{"rendered":"<p>Sabon Nin Ricardo Romero junto al Maestro Han Chan Kim &#8211; 9 Dan TKD El TAEKWON-DO (TAE=pie, KWON=pu\u00f1o, Do=camino, \u00abCamino de los pies y las manos), es el arte marcial m\u00e1s popular del mundo, sus t\u00e9cnicas milenarias fueron estudiadas y basadas en las leyes cient\u00edficas de la cin\u00e9tica del movimiento, generando as\u00ed un arte en [&hellip;]<\/p>\n","protected":false},"author":1,"featured_media":0,"parent":0,"menu_order":1,"comment_status":"open","ping_status":"open","template":"","meta":{"footnotes":""},"class_list":["post-15","page","type-page","status-publish","hentry"],"_links":{"self":[{"href":"https:\/\/www.academiataekwondo.com.ar\/wp\/index.php?rest_route=\/wp\/v2\/pages\/15","targetHints":{"allow":["GET"]}}],"collection":[{"href":"https:\/\/www.academiataekwondo.com.ar\/wp\/index.php?rest_route=\/wp\/v2\/pages"}],"about":[{"href":"https:\/\/www.academiataekwondo.com.ar\/wp\/index.php?rest_route=\/wp\/v2\/types\/page"}],"author":[{"embeddable":true,"href":"https:\/\/www.academiataekwondo.com.ar\/wp\/index.php?rest_route=\/wp\/v2\/users\/1"}],"replies":[{"embeddable":true,"href":"https:\/\/www.academiataekwondo.com.ar\/wp\/index.php?rest_route=%2Fwp%2Fv2%2Fcomments&post=15"}],"version-history":[{"count":9,"href":"https:\/\/www.academiataekwondo.com.ar\/wp\/index.php?rest_route=\/wp\/v2\/pages\/15\/revisions"}],"predecessor-version":[{"id":311,"href":"https:\/\/www.academiataekwondo.com.ar\/wp\/index.php?rest_route=\/wp\/v2\/pages\/15\/revisions\/311"}],"wp:attachment":[{"href":"https:\/\/www.academiataekwondo.com.ar\/wp\/index.php?rest_route=%2Fwp%2Fv2%2Fmedia&parent=15"}],"curies":[{"name":"wp","href":"https:\/\/api.w.org\/{rel}","templated":true}]}}